{"id":569,"date":"2025-02-06T22:56:47","date_gmt":"2025-02-06T13:56:47","guid":{"rendered":"https:\/\/www.msiff.com\/?page_id=569"},"modified":"2025-02-06T22:56:47","modified_gmt":"2025-02-06T13:56:47","slug":"ambassador2025-2","status":"publish","type":"page","link":"https:\/\/www.msiff.com\/2025\/en\/ambassador2025-2\/","title":{"rendered":"\u5927\u4f7f\u5408\u540c\u30e1\u30c3\u30bb\u30fc\u30b82025\uff08\u82f1\u8a9e\uff09"},"content":{"rendered":"<p>Moi, hej, hei, h\u00e6!<\/p>\n<p>Congratulations for the opening of 17th Miyukino snow-theatre international film festival. It is our pleasure to send our greetings to you all. We would especially like to thank the organisers and everyone who\u2019s hard work has again made this festival possible.<\/p>\n<p>This year 22 Nordic short films will be screened on the beautiful snow screen. Nordic movies are renowned for their distinctive storytelling, visual aesthetics and cultural depth, and the films chosen for Miyukino are no exception. Elements such as nature, strong female characters, dark humour or explorations of existential themes give Nordic films a distinctive voice that resonates with audiences worldwide, often making them compelling and thought-provoking experiences. We hope you enjoy not only the films but also the special lectures and discussion with the Nordic creators.<\/p>\n<p>So, let us wish you all enjoyable and memorable experiences in the company of Nordic cinema!<\/p>\n<p>&nbsp;<\/p>\n<p>Sincerely,<br \/>\nJarl Frijs-Madsen, Ambassador of Denmark to Japan<br \/>\nKristin Iglum, Ambassador of Norway to Japan<br \/>\nViktoria Li, Ambassador of Sweden to Japan<br \/>\nStef\u00e1n Haukur J\u00f3hannesson, Ambassador of Iceland to Japan<br \/>\nTanja J\u00e4\u00e4skel\u00e4inen, Ambassador of Finland to Japan<\/p>\n","protected":false},"excerpt":{"rendered":"<p>Moi, hej, hei, h\u00e6! Congratulations for the opening of 17th Miyukino snow-theatre international film festival. It is our pleasure to send our greetings to you all. We would especially like to thank the organisers and everyone who\u2019s hard work has again made this festival possible. This year 22 Nordic short films will be screened on [&hellip;]<\/p>\n","protected":false},"author":1,"featured_media":511,"parent":0,"menu_order":0,"comment_status":"closed","ping_status":"closed","template":"en\/page-ambassador2025.php","meta":{"_acf_changed":false,"_locale":"en_US","_original_post":"https:\/\/www.msiff.com\/?page_id=535","footnotes":""},"class_list":["post-569","page","type-page","status-publish","has-post-thumbnail","hentry","en-US"],"acf":{"embassy_mayor_name":"Pictured from left to right are:<br><br> <span style=\"border-bottom: 1px solid #333333;\"><strong>Jarl Frijs-Madsen<\/strong>,Ambassador of Denmark to Japan <\/span><br><br><span style=\"border-bottom: 1px solid #333333;\"><strong>Kristin Iglum<\/strong>,Ambassador of Norway to Japan <\/span><br><br><span style=\"border-bottom: 1px solid #333333;\"><strong>Viktoria Li<\/strong>,Ambassador of Sweden to Japan<\/span><br><br><span style=\"border-bottom: 1px solid #333333;\"><strong>Stef\u00e1n Haukur J\u00f3hannesson<\/strong>,Ambassador of Iceland to Japan<\/span><br><br><span style=\"border-bottom: 1px solid #333333;\"><strong>Tanja J\u00e4\u00e4skel\u00e4inen<\/strong>,Ambassador of Finland to Japan<\/span>"},"_links":{"self":[{"href":"https:\/\/www.msiff.com\/2025\/wp-json\/wp\/v2\/pages\/569","targetHints":{"allow":["GET"]}}],"collection":[{"href":"https:\/\/www.msiff.com\/2025\/wp-json\/wp\/v2\/pages"}],"about":[{"href":"https:\/\/www.msiff.com\/2025\/wp-json\/wp\/v2\/types\/page"}],"author":[{"embeddable":true,"href":"https:\/\/www.msiff.com\/2025\/wp-json\/wp\/v2\/users\/1"}],"replies":[{"embeddable":true,"href":"https:\/\/www.msiff.com\/2025\/wp-json\/wp\/v2\/comments?post=569"}],"version-history":[{"count":0,"href":"https:\/\/www.msiff.com\/2025\/wp-json\/wp\/v2\/pages\/569\/revisions"}],"wp:featuredmedia":[{"embeddable":true,"href":"https:\/\/www.msiff.com\/2025\/wp-json\/wp\/v2\/media\/511"}],"wp:attachment":[{"href":"https:\/\/www.msiff.com\/2025\/wp-json\/wp\/v2\/media?parent=569"}],"curies":[{"name":"wp","href":"https:\/\/api.w.org\/{rel}","templated":true}]}}