{"id":482,"date":"2025-02-06T13:31:25","date_gmt":"2025-02-06T04:31:25","guid":{"rendered":"https:\/\/www.msiff.com\/?page_id=482"},"modified":"2025-02-09T11:01:37","modified_gmt":"2025-02-09T02:01:37","slug":"finland","status":"publish","type":"page","link":"https:\/\/www.msiff.com\/en\/finland\/","title":{"rendered":"\u30d5\u30a3\u30f3\u30e9\u30f3\u30c9\u5927\u4f7f\u30e1\u30c3\u30bb\u30fc\u30b82024\uff08\u82f1\u8a9e\uff09"},"content":{"rendered":"<p><strong>\u203bThis is a comment from the 2024 film festival.<\/strong><\/p>\n<p>Good evening everyone at the 16th Miyukino snow-theatre international film festival 2024! My name is Tanja J\u00e4\u00e4skel\u00e4inen, Ambassador of Finland to Japan. It\u2019s a great pleasure to send my greetings to you again this year. Three excellent Finnish short films: \u201cTuulikki\u201d by Teemu Nikki, \u201cHair like waterfalls\u201d By Tomi Malkki, and \u201cNun or Never\u201d by Heta J\u00e4\u00e4linoja will be screened on a beautiful snow screen. In addition to the films you can enjoy discussions between the director, producer and high school students. Watching films is one of the best ways to understand different cultures beyond boarders and time. I really hope you can really \u201cfeel Finland\u201d during the festival and perhaps have a chance to visit and experience Finland in the future. I wish you all the best for the festival, hoping that you will enjoy the experience! Thank you very much.<\/p>\n","protected":false},"excerpt":{"rendered":"<p>\u203bThis is a comment from the 2024 film festival. Good evening everyone at the 16th Miyukino snow-theatre international film festival 2024! My name is Tanja J\u00e4\u00e4skel\u00e4inen, Ambassador of Finland to Japan. It\u2019s a great pleasure to send my greetings to you again this year. Three excellent Finnish short films: \u201cTuulikki\u201d by Teemu Nikki, \u201cHair like [&hellip;]<\/p>\n","protected":false},"author":1,"featured_media":37,"parent":0,"menu_order":0,"comment_status":"closed","ping_status":"closed","template":"en\/page-finland.php","meta":{"_acf_changed":false,"_locale":"en_US","_original_post":"https:\/\/www.msiff.com\/?page_id=65","footnotes":""},"class_list":["post-482","page","type-page","status-publish","has-post-thumbnail","hentry","en-US"],"acf":{"embassy_mayor_name":"Tanja J\u00e4\u00e4skel\u00e4inen"},"_links":{"self":[{"href":"https:\/\/www.msiff.com\/wp-json\/wp\/v2\/pages\/482","targetHints":{"allow":["GET"]}}],"collection":[{"href":"https:\/\/www.msiff.com\/wp-json\/wp\/v2\/pages"}],"about":[{"href":"https:\/\/www.msiff.com\/wp-json\/wp\/v2\/types\/page"}],"author":[{"embeddable":true,"href":"https:\/\/www.msiff.com\/wp-json\/wp\/v2\/users\/1"}],"replies":[{"embeddable":true,"href":"https:\/\/www.msiff.com\/wp-json\/wp\/v2\/comments?post=482"}],"version-history":[{"count":3,"href":"https:\/\/www.msiff.com\/wp-json\/wp\/v2\/pages\/482\/revisions"}],"predecessor-version":[{"id":564,"href":"https:\/\/www.msiff.com\/wp-json\/wp\/v2\/pages\/482\/revisions\/564"}],"wp:featuredmedia":[{"embeddable":true,"href":"https:\/\/www.msiff.com\/wp-json\/wp\/v2\/media\/37"}],"wp:attachment":[{"href":"https:\/\/www.msiff.com\/wp-json\/wp\/v2\/media?parent=482"}],"curies":[{"name":"wp","href":"https:\/\/api.w.org\/{rel}","templated":true}]}}